{"id":925,"date":"2020-12-17T12:18:05","date_gmt":"2020-12-17T12:18:05","guid":{"rendered":"https:\/\/xgl-logistics.com\/contacto\/"},"modified":"2025-07-18T10:38:31","modified_gmt":"2025-07-18T09:38:31","slug":"contact","status":"publish","type":"page","link":"https:\/\/dev.xtlogistic.com\/en\/contact\/","title":{"rendered":"Contact"},"content":{"rendered":"<div class=\"wpb-content-wrapper\"><p>[vc_row full_width=&#8221;stretch_row_content&#8221;][vc_column][vc_column_text css=&#8221;&#8221;]<\/p>\n<div class=\"wp-block-columns alignfull cabecera-pagina section contacto\">\n<div class=\"wp-block-column foto\" style=\"flex-basis: 75%;\">\n<figure class=\"wp-block-image size-full aos-item fade-right\"><img loading=\"lazy\" decoding=\"async\" class=\"alignnone wp-image-1633 size-full\" src=\"https:\/\/dev.xtlogistic.com\/wp-content\/uploads\/2021\/05\/Contacto.jpg\" alt=\"\" width=\"1284\" height=\"900\" srcset=\"https:\/\/dev.xtlogistic.com\/wp-content\/uploads\/2021\/05\/Contacto.jpg 1284w, https:\/\/dev.xtlogistic.com\/wp-content\/uploads\/2021\/05\/Contacto-700x491.jpg 700w, https:\/\/dev.xtlogistic.com\/wp-content\/uploads\/2021\/05\/Contacto-1024x718.jpg 1024w, https:\/\/dev.xtlogistic.com\/wp-content\/uploads\/2021\/05\/Contacto-500x350.jpg 500w, https:\/\/dev.xtlogistic.com\/wp-content\/uploads\/2021\/05\/Contacto-768x538.jpg 768w\" sizes=\"auto, (max-width: 1284px) 100vw, 1284px\" \/><\/figure>\n<\/div>\n<div class=\"wp-block-column is-vertically-aligned-center texto\" style=\"flex-basis: 25%;\">\n<div class=\"wp-block-group\">\n<div class=\"wp-block-group__inner-container\">\n<h1 class=\"aos-item fade-up\" style=\"margin-left: 28%;\">Contact<\/h1>\n\n<div class=\"wpcf7 no-js\" id=\"wpcf7-f6016-o1\" lang=\"en-US\" dir=\"ltr\" data-wpcf7-id=\"6016\">\n<div class=\"screen-reader-response\"><p role=\"status\" aria-live=\"polite\" aria-atomic=\"true\"><\/p> <ul><\/ul><\/div>\n<form action=\"\/en\/wp-json\/wp\/v2\/pages\/925#wpcf7-f6016-o1\" method=\"post\" class=\"wpcf7-form init\" aria-label=\"Contact form\" novalidate=\"novalidate\" data-status=\"init\">\n<fieldset class=\"hidden-fields-container\"><input type=\"hidden\" name=\"_wpcf7\" value=\"6016\" \/><input type=\"hidden\" name=\"_wpcf7_version\" value=\"6.1.5\" \/><input type=\"hidden\" name=\"_wpcf7_locale\" value=\"en_US\" \/><input type=\"hidden\" name=\"_wpcf7_unit_tag\" value=\"wpcf7-f6016-o1\" \/><input type=\"hidden\" name=\"_wpcf7_container_post\" value=\"0\" \/><input type=\"hidden\" name=\"_wpcf7_posted_data_hash\" value=\"\" \/><input type=\"hidden\" name=\"_wpcf7_recaptcha_response\" value=\"\" \/>\n<\/fieldset>\n<div class=\"row\">\n\t<fieldset class=\"col-sm-12 cont_input\">\n\t\t<p><label>Choose the country to contact: <\/label><br \/>\n<span class=\"wpcf7-form-control-wrap\" data-name=\"your-recipient\"><span class=\"wpcf7-form-control wpcf7-radio\"><span class=\"wpcf7-list-item first\"><label><input type=\"radio\" name=\"your-recipient\" value=\"SPAIN\" \/><span class=\"wpcf7-list-item-label\">SPAIN<\/span><\/label><\/span><span class=\"wpcf7-list-item\"><label><input type=\"radio\" name=\"your-recipient\" value=\"MEXICO\" \/><span class=\"wpcf7-list-item-label\">MEXICO<\/span><\/label><\/span><span class=\"wpcf7-list-item\"><label><input type=\"radio\" name=\"your-recipient\" value=\"ITALY\" \/><span class=\"wpcf7-list-item-label\">ITALY<\/span><\/label><\/span><span class=\"wpcf7-list-item\"><label><input type=\"radio\" name=\"your-recipient\" value=\"UAE\" \/><span class=\"wpcf7-list-item-label\">UAE<\/span><\/label><\/span><span class=\"wpcf7-list-item last\"><label><input type=\"radio\" name=\"your-recipient\" value=\"WORLDWIDE\" \/><span class=\"wpcf7-list-item-label\">WORLDWIDE<\/span><\/label><\/span><\/span><\/span>\n\t\t<\/p>\n\t<\/fieldset>\n<\/div>\n<div class=\"row\">\n\t<fieldset class=\"col-sm-6 cont_input\">\n\t\t<p><span class=\"wpcf7-form-control-wrap\" data-name=\"personal\"><input size=\"40\" maxlength=\"400\" class=\"wpcf7-form-control wpcf7-text wpcf7-validates-as-required\" aria-required=\"true\" aria-invalid=\"false\" placeholder=\"Personal Name *\" value=\"\" type=\"text\" name=\"personal\" \/><\/span>\n\t\t<\/p>\n\t<\/fieldset>\n\t<fieldset class=\"col-sm-6 cont_input\">\n\t\t<p><span class=\"wpcf7-form-control-wrap\" data-name=\"telephone\"><input size=\"40\" maxlength=\"400\" class=\"wpcf7-form-control wpcf7-tel wpcf7-validates-as-required wpcf7-text wpcf7-validates-as-tel\" aria-required=\"true\" aria-invalid=\"false\" placeholder=\"Telephone *\" value=\"\" type=\"tel\" name=\"telephone\" \/><\/span>\n\t\t<\/p>\n\t<\/fieldset>\n<\/div>\n<div class=\"row\">\n\t<fieldset class=\"col-sm-6 cont_input\">\n\t\t<p><span class=\"wpcf7-form-control-wrap\" data-name=\"address\"><input size=\"40\" maxlength=\"400\" class=\"wpcf7-form-control wpcf7-text\" aria-invalid=\"false\" placeholder=\"Address\" value=\"\" type=\"text\" name=\"address\" \/><\/span>\n\t\t<\/p>\n\t<\/fieldset>\n\t<fieldset class=\"col-sm-6 cont_input\">\n\t\t<p><span class=\"wpcf7-form-control-wrap\" data-name=\"email\"><input size=\"40\" maxlength=\"400\" class=\"wpcf7-form-control wpcf7-email wpcf7-validates-as-required wpcf7-text wpcf7-validates-as-email\" aria-required=\"true\" aria-invalid=\"false\" placeholder=\"E-mail *\" value=\"\" type=\"email\" name=\"email\" \/><\/span>\n\t\t<\/p>\n\t<\/fieldset>\n<\/div>\n<div class=\"row\">\n\t<fieldset class=\"col-sm-12 cont_textarea\">\n\t\t<p><span class=\"wpcf7-form-control-wrap\" data-name=\"company\"><input size=\"40\" maxlength=\"400\" class=\"wpcf7-form-control wpcf7-text wpcf7-validates-as-required\" aria-required=\"true\" aria-invalid=\"false\" placeholder=\"Company\" value=\"\" type=\"text\" name=\"company\" \/><\/span>\n\t\t<\/p>\n\t<\/fieldset>\n<\/div>\n<div class=\"row\">\n\t<fieldset class=\"col-sm-12 cont_textarea\">\n\t\t<p><span class=\"wpcf7-form-control-wrap\" data-name=\"comments\"><textarea cols=\"40\" rows=\"10\" maxlength=\"2000\" class=\"wpcf7-form-control wpcf7-textarea\" aria-invalid=\"false\" placeholder=\"Comments\" name=\"comments\"><\/textarea><\/span>\n\t\t<\/p>\n\t<\/fieldset>\n<\/div>\n<div class=\"row\">\n\t<div class=\"col-sm-12\">\n\t\t<p style=\"font-size: 14px;\"><br \/>\nIn compliance with current legislation on data protection, we inform you that X-TRACT LOGISTICS SLU is responsible for your personal data and will use them in order to respond to your request. This processing is based on the consent of the data subject. No transfer of your data to third parties is foreseen.\n\t\t<\/p>\n\t\t<p style=\"font-size: 14px;\"><br \/>\nYou can exercise your data protection rights by contacting us at <a href=\"mailto:contabilidad@xgl-logistics.com\">contabilidad@xgl-logistics.com<\/a>.\n\t\t<\/p>\n\t<\/div>\n<\/div>\n<div class=\"row\">\n\t<fieldset class=\"col-sm-12 cont_check\"style=\"font-size: 14px;\">\n\t\t<p><span class=\"wpcf7-form-control-wrap\" data-name=\"politica-privacy\"><span class=\"wpcf7-form-control wpcf7-acceptance\"><span class=\"wpcf7-list-item\"><input type=\"checkbox\" name=\"politica-privacy\" value=\"1\" aria-invalid=\"false\" \/><\/span><\/span><\/span><label> I have read and accept the <a href=\"https:\/\/dev.xtlogistic.com\/en\/privacy-policy-and-legal-notice\/\" target=\"_blank\">privacy policy<\/a><\/label>\n\t\t<\/p>\n\t<\/fieldset>\n<\/div>\n<div class=\"row\">\n<!--<fieldset class=\"col-sm-6 captcha\"><\/fieldset>-->\n\t<fieldset class=\"col-sm-12 cont_submit\">\n\t\t<p><button class=\"wp-block-button__link\"><span>Send<\/span><\/button>\n\t\t<\/p>\n\t<\/fieldset>\n<\/div><div class=\"wpcf7-response-output\" aria-hidden=\"true\"><\/div>\n<\/form>\n<\/div>\n<\/div>\n<\/div>\n<\/div>\n<\/div>\n<div class=\"wp-block-group contacto-sedes\">\n<div class=\"wp-block-group__inner-container\">\n<div class=\"wp-block-columns worldwide aos-item fade-up\">\n<div class=\"wp-block-column is-vertically-aligned-center nombre-direccion\">\n<h3>XGL Worldwide<\/h3>\n<\/div>\n<div class=\"wp-block-column is-vertically-aligned-center detalles\">\n<div class=\"wp-block-columns are-vertically-aligned-center\">\n<div class=\"wp-block-column is-vertically-aligned-center telefono-email\">\n<p class=\"telefono\"><a href=\"tel:+34 902 55 55 61\">+34 902 55 55 61<\/a><\/p>\n<p class=\"email\"><a href=\"mailto:info@xgl-logistics.com\">info@xgl-logistics.com<\/a><\/p>\n<\/div>\n<div class=\"wp-block-column is-vertically-aligned-center rrss\">\n<div class=\"wp-block-buttons link-redes-sociales\">\n<div class=\"wp-block-button linkedin\"><a class=\"wp-block-button__link\" href=\"https:\/\/www.linkedin.com\/company\/xgl-spain\/\" target=\"_blank\" rel=\"noreferrer noopener\">Linkedin<\/a><\/div>\n<\/div>\n<\/div>\n<\/div>\n<\/div>\n<\/div>\n<div class=\"wp-block-columns spain aos-item fade-up\">\n<div class=\"wp-block-column is-vertically-aligned-center nombre-direccion\">\n<div class=\"wp-block-columns\">\n<div class=\"wp-block-column is-vertically-aligned-center nombre\">\n<h3>XGL Spain<\/h3>\n<\/div>\n<div class=\"wp-block-column is-vertically-aligned-center direccion\">Avda. de Elche, 148 03008 Alicante (Espa\u00f1a)<\/div>\n<\/div>\n<\/div>\n<div class=\"wp-block-column is-vertically-aligned-center detalles\">\n<div class=\"wp-block-columns are-vertically-aligned-center\">\n<div class=\"wp-block-column is-vertically-aligned-center telefono-email\">\n<p class=\"telefono\"><a href=\"tel:+34 965 102 237\">+34 965 102 237<\/a><\/p>\n<p class=\"email\"><a href=\"mailto:info@xgl-logistics.com\">info@xgl-logistics.com<\/a><\/p>\n<\/div>\n<div class=\"wp-block-column is-vertically-aligned-center rrss\">\n<div class=\"wp-block-buttons link-redes-sociales\">\n<div class=\"wp-block-button linkedin\"><a class=\"wp-block-button__link\" href=\"https:\/\/www.linkedin.com\/company\/xgl-spain\/\" target=\"_blank\" rel=\"noreferrer noopener\">Linkedin<\/a><\/div>\n<\/div>\n<\/div>\n<\/div>\n<\/div>\n<\/div>\n<div class=\"wp-block-columns mexico aos-item fade-up\">\n<div class=\"wp-block-column is-vertically-aligned-center nombre-direccion\">\n<div class=\"wp-block-columns\">\n<div class=\"wp-block-column is-vertically-aligned-center nombre\">\n<h3>XGL Mexico<\/h3>\n<\/div>\n<div class=\"wp-block-column is-vertically-aligned-center direccion\">Cracovia, 54 Col. San \u00c1ngel, \u00c1lvaro Obreg\u00f3n 01000 CDMX (M\u00e9xico)<\/div>\n<\/div>\n<\/div>\n<div class=\"wp-block-column is-vertically-aligned-center detalles\">\n<div class=\"wp-block-columns are-vertically-aligned-center\">\n<div class=\"wp-block-column is-vertically-aligned-center telefono-email\">\n<p class=\"telefono\"><a href=\"tel:+52(55) 5135 1013\">+52(55) 5135 1013<\/a><\/p>\n<p class=\"email\"><a href=\"mailto:insidesales.mex@xgl-logistics.com\">insidesales.mex@xgl-logistics.com<\/a><\/p>\n<\/div>\n<div class=\"wp-block-column is-vertically-aligned-center rrss\">\n<div class=\"wp-block-buttons link-redes-sociales\">\n<div class=\"wp-block-button linkedin\"><a class=\"wp-block-button__link\" href=\"https:\/\/www.linkedin.com\/company\/xgl-mexico\/\" target=\"_blank\" rel=\"noreferrer noopener\">Linkedin<\/a><\/div>\n<\/div>\n<\/div>\n<\/div>\n<\/div>\n<\/div>\n<div class=\"wp-block-columns italy aos-item fade-up\">\n<div class=\"wp-block-column is-vertically-aligned-center nombre-direccion\">\n<div class=\"wp-block-columns\">\n<div class=\"wp-block-column is-vertically-aligned-center nombre\">\n<h3>XGL Italy<\/h3>\n<\/div>\n<div class=\"wp-block-column is-vertically-aligned-center direccion\">Via Enrico Cosenz, 35, 20158 Mil\u00e1n (Italia)<\/div>\n<\/div>\n<\/div>\n<div class=\"wp-block-column is-vertically-aligned-center detalles\">\n<div class=\"wp-block-columns are-vertically-aligned-center\">\n<div class=\"wp-block-column is-vertically-aligned-center telefono-email\">\n<p class=\"telefono\"><a href=\"tel:+39 02\/ 663 071 76\">+39 02\/ 663 071 76<\/a><\/p>\n<p class=\"email\"><a href=\"mailto:italia@xgl-logistics.com\">italia@xgl-logistics.com<\/a><\/p>\n<\/div>\n<div class=\"wp-block-column is-vertically-aligned-center rrss\">\n<div class=\"wp-block-buttons link-redes-sociales\">\n<div class=\"wp-block-button linkedin\"><a class=\"wp-block-button__link\" href=\"https:\/\/www.linkedin.com\/company\/xgl-italy\/\" target=\"_blank\" rel=\"noreferrer noopener\">Linkedin<\/a><\/div>\n<\/div>\n<\/div>\n<\/div>\n<\/div>\n<\/div>\n<div class=\"wp-block-columns uae aos-item fade-up\">\n<div class=\"wp-block-column is-vertically-aligned-center nombre-direccion\">\n<div class=\"wp-block-columns\">\n<div class=\"wp-block-column is-vertically-aligned-center nombre\">\n<h3>XGL UAE<\/h3>\n<\/div>\n<div class=\"wp-block-column is-vertically-aligned-center direccion\">Metha Plaza Building, B. Block 308 Oud Metha, Dub\u00e1i (UAE)<\/div>\n<\/div>\n<\/div>\n<div class=\"wp-block-column is-vertically-aligned-center detalles\">\n<div class=\"wp-block-columns are-vertically-aligned-center\">\n<div class=\"wp-block-column is-vertically-aligned-center telefono-email\">\n<p class=\"telefono\"><a href=\"tel:+971 43 93 03 07\">+971 43 93 03 07<\/a><\/p>\n<p class=\"email\"><a href=\"mailto:info-dubai@xgl-logistics.com\">info-dubai@xgl-logistics.com<\/a><\/p>\n<\/div>\n<div class=\"wp-block-column is-vertically-aligned-center rrss\">\n<div class=\"wp-block-buttons link-redes-sociales\">\n<div class=\"wp-block-button linkedin\"><a class=\"wp-block-button__link\" href=\"https:\/\/www.linkedin.com\/company\/xgl-uae\/\" target=\"_blank\" rel=\"noreferrer noopener\">Linkedin<\/a><\/div>\n<\/div>\n<\/div>\n<\/div>\n<\/div>\n<\/div>\n<\/div>\n<\/div>\n<div class=\"wp-block-group mapa-sedes aos-item fade-up\">\n<div class=\"wp-block-group__inner-container\"><iframe loading=\"lazy\" src=\"https:\/\/www.google.com\/maps\/d\/embed?mid=1QDwYnoDC0u0IbqLJb5OsT7wOy8D9F10&amp;ehbc=2E312F\" width=\"640\" height=\"480\"><\/iframe><\/div>\n<\/div>\n<div class=\"wp-block-group alignfull suscripcion-newsletter aos-item fade-up\">\n<div class=\"wp-block-group__inner-container\">\n<div class=\"wp-block-columns\">\n<div class=\"wp-block-column\">\n<h2 class=\"aos-item fade-up\">SUSCRIBE TO OUR NEWSLETTER<\/h2>\n<p class=\"aos-item fade-up\">We don\u2019t spam, we will only contact you when we have something really important to tell you!<\/p>\n<\/div>\n<div class=\"wp-block-column\">\n<div class=\"wp-block-group aos-item fade-up\">\n<div class=\"wp-block-group__inner-container\">\n<div class=\"ml-form-embed\" data-account=\"2155598:s4v4i0c0a6\" data-form=\"3304108:e2q1b4\"><\/div>\n<\/div>\n<\/div>\n<\/div>\n<\/div>\n<\/div>\n<\/div>\n<p>[\/vc_column_text][\/vc_column][\/vc_row]<\/p>\n<\/div>","protected":false},"excerpt":{"rendered":"<p>[vc_row full_width=&#8221;stretch_row_content&#8221;][vc_column][vc_column_text css=&#8221;&#8221;] Contact XGL Worldwide +34 902 55 55 61 info@xgl-logistics.com Linkedin XGL Spain Avda. de Elche, 148 03008 Alicante (Espa\u00f1a) +34 965 102 237 info@xgl-logistics.com Linkedin XGL Mexico Cracovia, 54 Col. San \u00c1ngel, \u00c1lvaro Obreg\u00f3n 01000 CDMX (M\u00e9xico) [&hellip;]<\/p>\n","protected":false},"author":3,"featured_media":0,"parent":0,"menu_order":0,"comment_status":"closed","ping_status":"closed","template":"","meta":{"footnotes":""},"class_list":["post-925","page","type-page","status-publish","hentry","odd"],"yoast_head":"<!-- This site is optimized with the Yoast SEO Premium plugin v26.4 (Yoast SEO v27.3) - https:\/\/yoast.com\/product\/yoast-seo-premium-wordpress\/ -->\n<title>Contact | XGL Logistics<\/title>\n<meta name=\"description\" content=\"Do you need to request a quote for a freight transportation service or do you have any questions? Contact us and we will be happy to assist you!\" \/>\n<meta name=\"robots\" content=\"noindex, follow, max-snippet:-1, max-image-preview:large, max-video-preview:-1\" \/>\n<meta property=\"og:locale\" content=\"en_US\" \/>\n<meta property=\"og:type\" content=\"article\" \/>\n<meta property=\"og:title\" content=\"Contact\" \/>\n<meta property=\"og:description\" content=\"XGL Logistics\" \/>\n<meta property=\"og:url\" content=\"https:\/\/dev.xtlogistic.com\/en\/contact\/\" \/>\n<meta property=\"og:site_name\" content=\"XGL Logistics\" \/>\n<meta property=\"article:modified_time\" content=\"2025-07-18T09:38:31+00:00\" \/>\n<meta property=\"og:image\" content=\"https:\/\/dev.xtlogistic.com\/wp-content\/uploads\/2021\/05\/Contacto.jpg\" \/>\n\t<meta property=\"og:image:width\" content=\"1284\" \/>\n\t<meta property=\"og:image:height\" content=\"900\" \/>\n\t<meta property=\"og:image:type\" content=\"image\/jpeg\" \/>\n<meta name=\"twitter:card\" content=\"summary_large_image\" \/>\n<meta name=\"twitter:label1\" content=\"Est. reading time\" \/>\n\t<meta name=\"twitter:data1\" content=\"1 minute\" \/>\n<script type=\"application\/ld+json\" class=\"yoast-schema-graph\">{\"@context\":\"https:\\\/\\\/schema.org\",\"@graph\":[{\"@type\":\"WebPage\",\"@id\":\"https:\\\/\\\/dev.xtlogistic.com\\\/en\\\/contact\\\/\",\"url\":\"https:\\\/\\\/dev.xtlogistic.com\\\/en\\\/contact\\\/\",\"name\":\"Contact | XGL Logistics\",\"isPartOf\":{\"@id\":\"https:\\\/\\\/dev.xtlogistic.com\\\/en\\\/#website\"},\"primaryImageOfPage\":{\"@id\":\"https:\\\/\\\/dev.xtlogistic.com\\\/en\\\/contact\\\/#primaryimage\"},\"image\":{\"@id\":\"https:\\\/\\\/dev.xtlogistic.com\\\/en\\\/contact\\\/#primaryimage\"},\"thumbnailUrl\":\"https:\\\/\\\/dev.xtlogistic.com\\\/wp-content\\\/uploads\\\/2021\\\/05\\\/Contacto.jpg\",\"datePublished\":\"2020-12-17T12:18:05+00:00\",\"dateModified\":\"2025-07-18T09:38:31+00:00\",\"description\":\"Do you need to request a quote for a freight transportation service or do you have any questions? Contact us and we will be happy to assist you!\",\"inLanguage\":\"en-US\",\"potentialAction\":[{\"@type\":\"ReadAction\",\"target\":[\"https:\\\/\\\/dev.xtlogistic.com\\\/en\\\/contact\\\/\"]}]},{\"@type\":\"ImageObject\",\"inLanguage\":\"en-US\",\"@id\":\"https:\\\/\\\/dev.xtlogistic.com\\\/en\\\/contact\\\/#primaryimage\",\"url\":\"https:\\\/\\\/dev.xtlogistic.com\\\/wp-content\\\/uploads\\\/2021\\\/05\\\/Contacto.jpg\",\"contentUrl\":\"https:\\\/\\\/dev.xtlogistic.com\\\/wp-content\\\/uploads\\\/2021\\\/05\\\/Contacto.jpg\"},{\"@type\":\"WebSite\",\"@id\":\"https:\\\/\\\/dev.xtlogistic.com\\\/en\\\/#website\",\"url\":\"https:\\\/\\\/dev.xtlogistic.com\\\/en\\\/\",\"name\":\"XGL Logistics\",\"description\":\"Passion for logistics\",\"publisher\":{\"@id\":\"https:\\\/\\\/dev.xtlogistic.com\\\/en\\\/#organization\"},\"potentialAction\":[{\"@type\":\"SearchAction\",\"target\":{\"@type\":\"EntryPoint\",\"urlTemplate\":\"https:\\\/\\\/dev.xtlogistic.com\\\/en\\\/?s={search_term_string}\"},\"query-input\":{\"@type\":\"PropertyValueSpecification\",\"valueRequired\":true,\"valueName\":\"search_term_string\"}}],\"inLanguage\":\"en-US\"},{\"@type\":\"Organization\",\"@id\":\"https:\\\/\\\/dev.xtlogistic.com\\\/en\\\/#organization\",\"name\":\"XGL Logistics\",\"url\":\"https:\\\/\\\/dev.xtlogistic.com\\\/en\\\/\",\"logo\":{\"@type\":\"ImageObject\",\"inLanguage\":\"en-US\",\"@id\":\"https:\\\/\\\/dev.xtlogistic.com\\\/en\\\/#\\\/schema\\\/logo\\\/image\\\/\",\"url\":\"https:\\\/\\\/dev.xtlogistic.com\\\/wp-content\\\/uploads\\\/2022\\\/10\\\/XGL-Logistics-Logo-e1664966487710.png\",\"contentUrl\":\"https:\\\/\\\/dev.xtlogistic.com\\\/wp-content\\\/uploads\\\/2022\\\/10\\\/XGL-Logistics-Logo-e1664966487710.png\",\"width\":687,\"height\":292,\"caption\":\"XGL Logistics\"},\"image\":{\"@id\":\"https:\\\/\\\/dev.xtlogistic.com\\\/en\\\/#\\\/schema\\\/logo\\\/image\\\/\"}}]}<\/script>\n<!-- \/ Yoast SEO Premium plugin. -->","yoast_head_json":{"title":"Contact | XGL Logistics","description":"Do you need to request a quote for a freight transportation service or do you have any questions? Contact us and we will be happy to assist you!","robots":{"index":"noindex","follow":"follow","max-snippet":"max-snippet:-1","max-image-preview":"max-image-preview:large","max-video-preview":"max-video-preview:-1"},"og_locale":"en_US","og_type":"article","og_title":"Contact","og_description":"XGL Logistics","og_url":"https:\/\/dev.xtlogistic.com\/en\/contact\/","og_site_name":"XGL Logistics","article_modified_time":"2025-07-18T09:38:31+00:00","og_image":[{"width":1284,"height":900,"url":"https:\/\/dev.xtlogistic.com\/wp-content\/uploads\/2021\/05\/Contacto.jpg","type":"image\/jpeg"}],"twitter_card":"summary_large_image","twitter_misc":{"Est. reading time":"1 minute"},"schema":{"@context":"https:\/\/schema.org","@graph":[{"@type":"WebPage","@id":"https:\/\/dev.xtlogistic.com\/en\/contact\/","url":"https:\/\/dev.xtlogistic.com\/en\/contact\/","name":"Contact | XGL Logistics","isPartOf":{"@id":"https:\/\/dev.xtlogistic.com\/en\/#website"},"primaryImageOfPage":{"@id":"https:\/\/dev.xtlogistic.com\/en\/contact\/#primaryimage"},"image":{"@id":"https:\/\/dev.xtlogistic.com\/en\/contact\/#primaryimage"},"thumbnailUrl":"https:\/\/dev.xtlogistic.com\/wp-content\/uploads\/2021\/05\/Contacto.jpg","datePublished":"2020-12-17T12:18:05+00:00","dateModified":"2025-07-18T09:38:31+00:00","description":"Do you need to request a quote for a freight transportation service or do you have any questions? Contact us and we will be happy to assist you!","inLanguage":"en-US","potentialAction":[{"@type":"ReadAction","target":["https:\/\/dev.xtlogistic.com\/en\/contact\/"]}]},{"@type":"ImageObject","inLanguage":"en-US","@id":"https:\/\/dev.xtlogistic.com\/en\/contact\/#primaryimage","url":"https:\/\/dev.xtlogistic.com\/wp-content\/uploads\/2021\/05\/Contacto.jpg","contentUrl":"https:\/\/dev.xtlogistic.com\/wp-content\/uploads\/2021\/05\/Contacto.jpg"},{"@type":"WebSite","@id":"https:\/\/dev.xtlogistic.com\/en\/#website","url":"https:\/\/dev.xtlogistic.com\/en\/","name":"XGL Logistics","description":"Passion for logistics","publisher":{"@id":"https:\/\/dev.xtlogistic.com\/en\/#organization"},"potentialAction":[{"@type":"SearchAction","target":{"@type":"EntryPoint","urlTemplate":"https:\/\/dev.xtlogistic.com\/en\/?s={search_term_string}"},"query-input":{"@type":"PropertyValueSpecification","valueRequired":true,"valueName":"search_term_string"}}],"inLanguage":"en-US"},{"@type":"Organization","@id":"https:\/\/dev.xtlogistic.com\/en\/#organization","name":"XGL Logistics","url":"https:\/\/dev.xtlogistic.com\/en\/","logo":{"@type":"ImageObject","inLanguage":"en-US","@id":"https:\/\/dev.xtlogistic.com\/en\/#\/schema\/logo\/image\/","url":"https:\/\/dev.xtlogistic.com\/wp-content\/uploads\/2022\/10\/XGL-Logistics-Logo-e1664966487710.png","contentUrl":"https:\/\/dev.xtlogistic.com\/wp-content\/uploads\/2022\/10\/XGL-Logistics-Logo-e1664966487710.png","width":687,"height":292,"caption":"XGL Logistics"},"image":{"@id":"https:\/\/dev.xtlogistic.com\/en\/#\/schema\/logo\/image\/"}}]}},"_links":{"self":[{"href":"https:\/\/dev.xtlogistic.com\/en\/wp-json\/wp\/v2\/pages\/925","targetHints":{"allow":["GET"]}}],"collection":[{"href":"https:\/\/dev.xtlogistic.com\/en\/wp-json\/wp\/v2\/pages"}],"about":[{"href":"https:\/\/dev.xtlogistic.com\/en\/wp-json\/wp\/v2\/types\/page"}],"author":[{"embeddable":true,"href":"https:\/\/dev.xtlogistic.com\/en\/wp-json\/wp\/v2\/users\/3"}],"replies":[{"embeddable":true,"href":"https:\/\/dev.xtlogistic.com\/en\/wp-json\/wp\/v2\/comments?post=925"}],"version-history":[{"count":75,"href":"https:\/\/dev.xtlogistic.com\/en\/wp-json\/wp\/v2\/pages\/925\/revisions"}],"predecessor-version":[{"id":16050,"href":"https:\/\/dev.xtlogistic.com\/en\/wp-json\/wp\/v2\/pages\/925\/revisions\/16050"}],"wp:attachment":[{"href":"https:\/\/dev.xtlogistic.com\/en\/wp-json\/wp\/v2\/media?parent=925"}],"curies":[{"name":"wp","href":"https:\/\/api.w.org\/{rel}","templated":true}]}}